{"id":1500,"date":"2022-02-01T15:43:43","date_gmt":"2022-02-01T14:43:43","guid":{"rendered":"https:\/\/www.pauldraaijer.com\/servicios\/"},"modified":"2024-01-18T10:36:59","modified_gmt":"2024-01-18T09:36:59","slug":"servicios","status":"publish","type":"page","link":"https:\/\/www.pauldraaijer.com\/es\/servicios\/","title":{"rendered":"Servicios"},"content":{"rendered":"\t\t<div data-elementor-type=\"wp-page\" data-elementor-id=\"1500\" class=\"elementor elementor-1500 elementor-1165\" data-elementor-post-type=\"page\">\n\t\t\t\t\t\t<section class=\"elementor-section elementor-top-section elementor-element elementor-element-5452f8d0 elementor-section-height-min-height elementor-section-items-bottom elementor-section-boxed elementor-section-height-default\" data-id=\"5452f8d0\" data-element_type=\"section\" data-e-type=\"section\" data-settings=\"{&quot;background_background&quot;:&quot;classic&quot;}\">\n\t\t\t\t\t\t\t<div class=\"elementor-background-overlay\"><\/div>\n\t\t\t\t\t\t\t<div class=\"elementor-container elementor-column-gap-default\">\n\t\t\t\t\t<div class=\"elementor-column elementor-col-100 elementor-top-column elementor-element elementor-element-5d114545\" data-id=\"5d114545\" data-element_type=\"column\" data-e-type=\"column\">\n\t\t\t<div class=\"elementor-widget-wrap\">\n\t\t\t\t\t\t\t<\/div>\n\t\t<\/div>\n\t\t\t\t\t<\/div>\n\t\t<\/section>\n\t\t\t\t<section class=\"elementor-section elementor-top-section elementor-element elementor-element-f1825b2 elementor-section-boxed elementor-section-height-default elementor-section-height-default\" data-id=\"f1825b2\" data-element_type=\"section\" data-e-type=\"section\">\n\t\t\t\t\t\t<div class=\"elementor-container elementor-column-gap-default\">\n\t\t\t\t\t<div class=\"elementor-column elementor-col-100 elementor-top-column elementor-element elementor-element-ebea2b4\" data-id=\"ebea2b4\" data-element_type=\"column\" data-e-type=\"column\">\n\t\t\t<div class=\"elementor-widget-wrap elementor-element-populated\">\n\t\t\t\t\t\t<section class=\"elementor-section elementor-inner-section elementor-element elementor-element-0daf1e2 elementor-section-boxed elementor-section-height-default elementor-section-height-default\" data-id=\"0daf1e2\" data-element_type=\"section\" data-e-type=\"section\">\n\t\t\t\t\t\t<div class=\"elementor-container elementor-column-gap-no\">\n\t\t\t\t\t<div class=\"elementor-column elementor-col-100 elementor-inner-column elementor-element elementor-element-ad20109\" data-id=\"ad20109\" data-element_type=\"column\" data-e-type=\"column\">\n\t\t\t<div class=\"elementor-widget-wrap elementor-element-populated\">\n\t\t\t\t\t\t<div class=\"elementor-element elementor-element-bfaa5c3 elementor-position-left elementor-vertical-align-top elementor-widget elementor-widget-image-box\" data-id=\"bfaa5c3\" data-element_type=\"widget\" data-e-type=\"widget\" data-widget_type=\"image-box.default\">\n\t\t\t\t<div class=\"elementor-widget-container\">\n\t\t\t\t\t<div class=\"elementor-image-box-wrapper\"><figure class=\"elementor-image-box-img\"><img decoding=\"async\" width=\"119\" height=\"120\" src=\"https:\/\/www.pauldraaijer.com\/wp-content\/uploads\/2022\/01\/output-onlinepngtools-8.png\" class=\"elementor-animation-rotate attachment-full size-full wp-image-1403\" alt=\"\" \/><\/figure><div class=\"elementor-image-box-content\"><h3 class=\"elementor-image-box-title\">NUESTROS SERVICIOS<\/h3><\/div><\/div>\t\t\t\t<\/div>\n\t\t\t\t<\/div>\n\t\t\t\t\t<\/div>\n\t\t<\/div>\n\t\t\t\t\t<\/div>\n\t\t<\/section>\n\t\t\t\t<section class=\"elementor-section elementor-inner-section elementor-element elementor-element-5b2ba1e elementor-section-boxed elementor-section-height-default elementor-section-height-default\" data-id=\"5b2ba1e\" data-element_type=\"section\" data-e-type=\"section\">\n\t\t\t\t\t\t<div class=\"elementor-container elementor-column-gap-default\">\n\t\t\t\t\t<div class=\"elementor-column elementor-col-33 elementor-inner-column elementor-element elementor-element-7ca4558\" data-id=\"7ca4558\" data-element_type=\"column\" data-e-type=\"column\">\n\t\t\t<div class=\"elementor-widget-wrap elementor-element-populated\">\n\t\t\t\t\t\t<div class=\"elementor-element elementor-element-af90f93 elementor-widget elementor-widget-ucaddon_animated_border_content_box\" data-id=\"af90f93\" data-element_type=\"widget\" data-e-type=\"widget\" data-widget_type=\"ucaddon_animated_border_content_box.default\">\n\t\t\t\t<div class=\"elementor-widget-container\">\n\t\t\t\t\t\n<!-- start Animated Border Content Box -->\n\t\t<link id='uc_ac_assets_file_uc_image_grid_border_css_3857-css' href='https:\/\/www.pauldraaijer.com\/wp-content\/uploads\/ac_assets\/uc_image_grid_border\/uc_image_grid_border.css' type='text\/css' rel='stylesheet' >\n\n\n<a href=\"http:\/\/www.pauldraaijer.com\/contact\/\">\n<div class=\"uc_image_grid_border\">\n\t\t<div class=\"uc_image_grid_border_holder\">\n\t\t\t\n\t\t\t<div class=\"uc_image_grid_border_box\">\n\t\t\t\t<div class=\"uc_image_box\" style=\"height: 400px; background: url(https:\/\/www.pauldraaijer.com\/wp-content\/uploads\/2022\/03\/P6060167-scaled.jpg);\"><\/div>\n\n\t\t\t\t<div class=\"uc_box_content\" style=\"background-color: #fff; text-align: left;\">\n\t\t\t\t\t<div class=\"border one\"><\/div>\n\t\t\t\t\t<div class=\"border two\"><\/div>\n\t\t\t\t\t<div class=\"uc_title\" style=\"color: #AF1022;\">Estudio previo urban\u00edstico<\/div>\n\t\t\t\t\t<div class=\"uc_sub_title\" style=\"color: #2F2F2F;\">Si tiene un terreno en mente, en poco tiempo sabremos exactamente qu\u00e9 se puede construir all\u00ed y si hay alg\u00fan inconveniente legal.  <\/div>\n\t\t\t\t<\/div>\n\t\t\t<\/div>\n\t\t\t\n\t\t<\/div>\n    <\/div>\n<\/a>\n<!-- end Animated Border Content Box -->\t\t\t\t<\/div>\n\t\t\t\t<\/div>\n\t\t\t\t\t<\/div>\n\t\t<\/div>\n\t\t\t\t<div class=\"elementor-column elementor-col-33 elementor-inner-column elementor-element elementor-element-a17302b\" data-id=\"a17302b\" data-element_type=\"column\" data-e-type=\"column\">\n\t\t\t<div class=\"elementor-widget-wrap elementor-element-populated\">\n\t\t\t\t\t\t<div class=\"elementor-element elementor-element-089e834 elementor-widget elementor-widget-ucaddon_animated_border_content_box\" data-id=\"089e834\" data-element_type=\"widget\" data-e-type=\"widget\" data-widget_type=\"ucaddon_animated_border_content_box.default\">\n\t\t\t\t<div class=\"elementor-widget-container\">\n\t\t\t\t\t\n<!-- start Animated Border Content Box -->\n\n\n<a href=\"http:\/\/www.pauldraaijer.com\/contact\/\">\n<div class=\"uc_image_grid_border\">\n\t\t<div class=\"uc_image_grid_border_holder\">\n\t\t\t\n\t\t\t<div class=\"uc_image_grid_border_box\">\n\t\t\t\t<div class=\"uc_image_box\" style=\"height: 400px; background: url(https:\/\/www.pauldraaijer.com\/wp-content\/uploads\/2022\/03\/Foto6.jpg);\"><\/div>\n\n\t\t\t\t<div class=\"uc_box_content\" style=\"background-color: #fff; text-align: left;\">\n\t\t\t\t\t<div class=\"border one\"><\/div>\n\t\t\t\t\t<div class=\"border two\"><\/div>\n\t\t\t\t\t<div class=\"uc_title\" style=\"color: #02368B;\">Estudio de viabilidad<\/div>\n\t\t\t\t\t<div class=\"uc_sub_title\" style=\"color: #2F2F2F;\">Bas\u00e1ndonos en nuestros muchos a\u00f1os de experiencia, podemos traducir de forma r\u00e1pida y precisa un proyecto de construcci\u00f3n planificado en una visi\u00f3n general total de la inversi\u00f3n.<\/div>\n\t\t\t\t<\/div>\n\t\t\t<\/div>\n\t\t\t\n\t\t<\/div>\n    <\/div>\n<\/a>\n<!-- end Animated Border Content Box -->\t\t\t\t<\/div>\n\t\t\t\t<\/div>\n\t\t\t\t\t<\/div>\n\t\t<\/div>\n\t\t\t\t<div class=\"elementor-column elementor-col-33 elementor-inner-column elementor-element elementor-element-7f09098\" data-id=\"7f09098\" data-element_type=\"column\" data-e-type=\"column\">\n\t\t\t<div class=\"elementor-widget-wrap elementor-element-populated\">\n\t\t\t\t\t\t<div class=\"elementor-element elementor-element-0b0b2e2 elementor-widget elementor-widget-ucaddon_animated_border_content_box\" data-id=\"0b0b2e2\" data-element_type=\"widget\" data-e-type=\"widget\" data-widget_type=\"ucaddon_animated_border_content_box.default\">\n\t\t\t\t<div class=\"elementor-widget-container\">\n\t\t\t\t\t\n<!-- start Animated Border Content Box -->\n\n\n<a href=\"http:\/\/www.pauldraaijer.com\/contact\/\">\n<div class=\"uc_image_grid_border\">\n\t\t<div class=\"uc_image_grid_border_holder\">\n\t\t\t\n\t\t\t<div class=\"uc_image_grid_border_box\">\n\t\t\t\t<div class=\"uc_image_box\" style=\"height: 400px; background: url(https:\/\/www.pauldraaijer.com\/wp-content\/uploads\/2022\/03\/PB130420-scaled.jpg);\"><\/div>\n\n\t\t\t\t<div class=\"uc_box_content\" style=\"background-color: #fff; text-align: left;\">\n\t\t\t\t\t<div class=\"border one\"><\/div>\n\t\t\t\t\t<div class=\"border two\"><\/div>\n\t\t\t\t\t<div class=\"uc_title\" style=\"color: #AF1022;\">Inspecci\u00f3n arquitect\u00f3nica<\/div>\n\t\t\t\t\t<div class=\"uc_sub_title\" style=\"color: #2F2F2F;\">Si elige un edificio existente, le proporcionamos un estudio arquitect\u00f3nico exhaustivo que revela todos los posibles defectos. Esto se complementa con recomendaciones de reparaci\u00f3n y ahorro energ\u00e9tico.  <\/div>\n\t\t\t\t<\/div>\n\t\t\t<\/div>\n\t\t\t\n\t\t<\/div>\n    <\/div>\n<\/a>\n<!-- end Animated Border Content Box -->\t\t\t\t<\/div>\n\t\t\t\t<\/div>\n\t\t\t\t\t<\/div>\n\t\t<\/div>\n\t\t\t\t\t<\/div>\n\t\t<\/section>\n\t\t\t\t<section class=\"elementor-section elementor-inner-section elementor-element elementor-element-43210ba elementor-section-boxed elementor-section-height-default elementor-section-height-default\" data-id=\"43210ba\" data-element_type=\"section\" data-e-type=\"section\">\n\t\t\t\t\t\t<div class=\"elementor-container elementor-column-gap-default\">\n\t\t\t\t\t<div class=\"elementor-column elementor-col-33 elementor-inner-column elementor-element elementor-element-16bce36\" data-id=\"16bce36\" data-element_type=\"column\" data-e-type=\"column\">\n\t\t\t<div class=\"elementor-widget-wrap elementor-element-populated\">\n\t\t\t\t\t\t<div class=\"elementor-element elementor-element-c6be392 elementor-widget elementor-widget-ucaddon_animated_border_content_box\" data-id=\"c6be392\" data-element_type=\"widget\" data-e-type=\"widget\" data-widget_type=\"ucaddon_animated_border_content_box.default\">\n\t\t\t\t<div class=\"elementor-widget-container\">\n\t\t\t\t\t\n<!-- start Animated Border Content Box -->\n\n\n<a href=\"http:\/\/www.pauldraaijer.com\/contact\/\">\n<div class=\"uc_image_grid_border\">\n\t\t<div class=\"uc_image_grid_border_holder\">\n\t\t\t\n\t\t\t<div class=\"uc_image_grid_border_box\">\n\t\t\t\t<div class=\"uc_image_box\" style=\"height: 400px; background: url(https:\/\/www.pauldraaijer.com\/wp-content\/uploads\/2022\/01\/AND05001-cielo.jpg);\"><\/div>\n\n\t\t\t\t<div class=\"uc_box_content\" style=\"background-color: #fff; text-align: left;\">\n\t\t\t\t\t<div class=\"border one\"><\/div>\n\t\t\t\t\t<div class=\"border two\"><\/div>\n\t\t\t\t\t<div class=\"uc_title\" style=\"color: #02368B;\">C\u00e9dulas de residencia<\/div>\n\t\t\t\t\t<div class=\"uc_sub_title\" style=\"color: #2F2F2F;\">Este documento, necesario para la venta de su casa en Espa\u00f1a, se lo proporcionaremos en el menor tiempo posible.  <\/div>\n\t\t\t\t<\/div>\n\t\t\t<\/div>\n\t\t\t\n\t\t<\/div>\n    <\/div>\n<\/a>\n<!-- end Animated Border Content Box -->\t\t\t\t<\/div>\n\t\t\t\t<\/div>\n\t\t\t\t\t<\/div>\n\t\t<\/div>\n\t\t\t\t<div class=\"elementor-column elementor-col-33 elementor-inner-column elementor-element elementor-element-e790c46\" data-id=\"e790c46\" data-element_type=\"column\" data-e-type=\"column\">\n\t\t\t<div class=\"elementor-widget-wrap elementor-element-populated\">\n\t\t\t\t\t\t<div class=\"elementor-element elementor-element-f66501a elementor-widget elementor-widget-ucaddon_animated_border_content_box\" data-id=\"f66501a\" data-element_type=\"widget\" data-e-type=\"widget\" data-widget_type=\"ucaddon_animated_border_content_box.default\">\n\t\t\t\t<div class=\"elementor-widget-container\">\n\t\t\t\t\t\n<!-- start Animated Border Content Box -->\n\n\n<a href=\"http:\/\/www.pauldraaijer.com\/contact\/\">\n<div class=\"uc_image_grid_border\">\n\t\t<div class=\"uc_image_grid_border_holder\">\n\t\t\t\n\t\t\t<div class=\"uc_image_grid_border_box\">\n\t\t\t\t<div class=\"uc_image_box\" style=\"height: 400px; background: url(https:\/\/www.pauldraaijer.com\/wp-content\/uploads\/2022\/03\/macanet-cam-01-final-modificada-02.jpg);\"><\/div>\n\n\t\t\t\t<div class=\"uc_box_content\" style=\"background-color: #fff; text-align: left;\">\n\t\t\t\t\t<div class=\"border one\"><\/div>\n\t\t\t\t\t<div class=\"border two\"><\/div>\n\t\t\t\t\t<div class=\"uc_title\" style=\"color: #AF1022;\">Certificados energ\u00e9ticos<\/div>\n\t\t\t\t\t<div class=\"uc_sub_title\" style=\"color: #2F2F2F;\">Este documento tambi\u00e9n es necesario cuando se vende su casa. Adem\u00e1s, si lo deseas, analizaremos tu vivienda con el fin de mejorar su consumo energ\u00e9tico e incorporar fuentes de energ\u00eda renovables.  <\/div>\n\t\t\t\t<\/div>\n\t\t\t<\/div>\n\t\t\t\n\t\t<\/div>\n    <\/div>\n<\/a>\n<!-- end Animated Border Content Box -->\t\t\t\t<\/div>\n\t\t\t\t<\/div>\n\t\t\t\t\t<\/div>\n\t\t<\/div>\n\t\t\t\t<div class=\"elementor-column elementor-col-33 elementor-inner-column elementor-element elementor-element-7b2976d\" data-id=\"7b2976d\" data-element_type=\"column\" data-e-type=\"column\">\n\t\t\t<div class=\"elementor-widget-wrap elementor-element-populated\">\n\t\t\t\t\t\t<div class=\"elementor-element elementor-element-b362387 elementor-widget elementor-widget-ucaddon_animated_border_content_box\" data-id=\"b362387\" data-element_type=\"widget\" data-e-type=\"widget\" data-widget_type=\"ucaddon_animated_border_content_box.default\">\n\t\t\t\t<div class=\"elementor-widget-container\">\n\t\t\t\t\t\n<!-- start Animated Border Content Box -->\n\n\n<a href=\"http:\/\/www.pauldraaijer.com\/contact\/\">\n<div class=\"uc_image_grid_border\">\n\t\t<div class=\"uc_image_grid_border_holder\">\n\t\t\t\n\t\t\t<div class=\"uc_image_grid_border_box\">\n\t\t\t\t<div class=\"uc_image_box\" style=\"height: 400px; background: url(https:\/\/www.pauldraaijer.com\/wp-content\/uploads\/2022\/03\/DJI_0940-cielo.jpg);\"><\/div>\n\n\t\t\t\t<div class=\"uc_box_content\" style=\"background-color: #fff; text-align: left;\">\n\t\t\t\t\t<div class=\"border one\"><\/div>\n\t\t\t\t\t<div class=\"border two\"><\/div>\n\t\t\t\t\t<div class=\"uc_title\" style=\"color: #02368B;\">Licencias comerciales<\/div>\n\t\t\t\t\t<div class=\"uc_sub_title\" style=\"color: #2F2F2F;\">Para todo tipo de actividades comerciales, podemos encargarnos tanto del posible permiso de construcci\u00f3n como del permiso comercial.<\/div>\n\t\t\t\t<\/div>\n\t\t\t<\/div>\n\t\t\t\n\t\t<\/div>\n    <\/div>\n<\/a>\n<!-- end Animated Border Content Box -->\t\t\t\t<\/div>\n\t\t\t\t<\/div>\n\t\t\t\t\t<\/div>\n\t\t<\/div>\n\t\t\t\t\t<\/div>\n\t\t<\/section>\n\t\t\t\t<section class=\"elementor-section elementor-inner-section elementor-element elementor-element-f1fcc41 elementor-section-boxed elementor-section-height-default elementor-section-height-default\" data-id=\"f1fcc41\" data-element_type=\"section\" data-e-type=\"section\">\n\t\t\t\t\t\t<div class=\"elementor-container elementor-column-gap-default\">\n\t\t\t\t\t<div class=\"elementor-column elementor-col-33 elementor-inner-column elementor-element elementor-element-5974806\" data-id=\"5974806\" data-element_type=\"column\" data-e-type=\"column\">\n\t\t\t<div class=\"elementor-widget-wrap elementor-element-populated\">\n\t\t\t\t\t\t<div class=\"elementor-element elementor-element-abdb360 elementor-widget elementor-widget-ucaddon_animated_border_content_box\" data-id=\"abdb360\" data-element_type=\"widget\" data-e-type=\"widget\" data-widget_type=\"ucaddon_animated_border_content_box.default\">\n\t\t\t\t<div class=\"elementor-widget-container\">\n\t\t\t\t\t\n<!-- start Animated Border Content Box -->\n\n\n<a href=\"https:\/\/www.pauldraaijer.com\/contact\/\">\n<div class=\"uc_image_grid_border\">\n\t\t<div class=\"uc_image_grid_border_holder\">\n\t\t\t\n\t\t\t<div class=\"uc_image_grid_border_box\">\n\t\t\t\t<div class=\"uc_image_box\" style=\"height: 400px; background: url(https:\/\/www.pauldraaijer.com\/wp-content\/uploads\/2022\/01\/Screenshot_2.png);\"><\/div>\n\n\t\t\t\t<div class=\"uc_box_content\" style=\"background-color: #fff; text-align: left;\">\n\t\t\t\t\t<div class=\"border one\"><\/div>\n\t\t\t\t\t<div class=\"border two\"><\/div>\n\t\t\t\t\t<div class=\"uc_title\" style=\"color: #AF1022;\">Gesti\u00f3n de proyectos<\/div>\n\t\t\t\t\t<div class=\"uc_sub_title\" style=\"color: #2F2F2F;\">Para varias cadenas internacionales de distribuci\u00f3n, realizamos la gesti\u00f3n integral del proyecto para la implantaci\u00f3n de sus sucursales en Espa\u00f1a.  <\/div>\n\t\t\t\t<\/div>\n\t\t\t<\/div>\n\t\t\t\n\t\t<\/div>\n    <\/div>\n<\/a>\n<!-- end Animated Border Content Box -->\t\t\t\t<\/div>\n\t\t\t\t<\/div>\n\t\t\t\t\t<\/div>\n\t\t<\/div>\n\t\t\t\t<div class=\"elementor-column elementor-col-33 elementor-inner-column elementor-element elementor-element-3849cd9\" data-id=\"3849cd9\" data-element_type=\"column\" data-e-type=\"column\">\n\t\t\t<div class=\"elementor-widget-wrap\">\n\t\t\t\t\t\t\t<\/div>\n\t\t<\/div>\n\t\t\t\t<div class=\"elementor-column elementor-col-33 elementor-inner-column elementor-element elementor-element-e200bcd\" data-id=\"e200bcd\" data-element_type=\"column\" data-e-type=\"column\">\n\t\t\t<div class=\"elementor-widget-wrap\">\n\t\t\t\t\t\t\t<\/div>\n\t\t<\/div>\n\t\t\t\t\t<\/div>\n\t\t<\/section>\n\t\t\t\t\t<\/div>\n\t\t<\/div>\n\t\t\t\t\t<\/div>\n\t\t<\/section>\n\t\t\t\t<\/div>\n\t\t","protected":false},"excerpt":{"rendered":"<p>NUESTROS SERVICIOS Estudio previo urban\u00edstico Si tiene un terreno en mente, en poco tiempo sabremos exactamente qu\u00e9 se puede construir all\u00ed y si hay alg\u00fan inconveniente legal. Estudio de viabilidad Bas\u00e1ndonos en nuestros muchos a\u00f1os de experiencia, podemos traducir de forma r\u00e1pida y precisa un proyecto de construcci\u00f3n planificado en una visi\u00f3n general total de [&hellip;]<\/p>\n","protected":false},"author":2,"featured_media":0,"parent":0,"menu_order":0,"comment_status":"closed","ping_status":"closed","template":"elementor_header_footer","meta":{"footnotes":""},"class_list":["post-1500","page","type-page","status-publish","hentry"],"jetpack_sharing_enabled":true,"_links":{"self":[{"href":"https:\/\/www.pauldraaijer.com\/es\/wp-json\/wp\/v2\/pages\/1500","targetHints":{"allow":["GET"]}}],"collection":[{"href":"https:\/\/www.pauldraaijer.com\/es\/wp-json\/wp\/v2\/pages"}],"about":[{"href":"https:\/\/www.pauldraaijer.com\/es\/wp-json\/wp\/v2\/types\/page"}],"author":[{"embeddable":true,"href":"https:\/\/www.pauldraaijer.com\/es\/wp-json\/wp\/v2\/users\/2"}],"replies":[{"embeddable":true,"href":"https:\/\/www.pauldraaijer.com\/es\/wp-json\/wp\/v2\/comments?post=1500"}],"version-history":[{"count":1,"href":"https:\/\/www.pauldraaijer.com\/es\/wp-json\/wp\/v2\/pages\/1500\/revisions"}],"predecessor-version":[{"id":1501,"href":"https:\/\/www.pauldraaijer.com\/es\/wp-json\/wp\/v2\/pages\/1500\/revisions\/1501"}],"wp:attachment":[{"href":"https:\/\/www.pauldraaijer.com\/es\/wp-json\/wp\/v2\/media?parent=1500"}],"curies":[{"name":"wp","href":"https:\/\/api.w.org\/{rel}","templated":true}]}}